{"id":238,"date":"2024-06-22T13:26:13","date_gmt":"2024-06-22T13:26:13","guid":{"rendered":"https:\/\/www.modenastay.com\/lappartamento-a-modena\/"},"modified":"2025-07-13T06:36:09","modified_gmt":"2025-07-13T06:36:09","slug":"lappartamento-a-modena","status":"publish","type":"page","link":"https:\/\/www.modenastay.com\/it\/lappartamento-a-modena\/","title":{"rendered":"L&#8217;appartamento a Modena."},"content":{"rendered":"\n<figure class=\"wp-block-image size-large\"><img loading=\"lazy\" decoding=\"async\" width=\"1024\" height=\"681\" src=\"https:\/\/www.modenastay.com\/wp-content\/uploads\/2024\/06\/1a318978_original-1024x681.webp\" alt=\"\" class=\"wp-image-15\" srcset=\"https:\/\/www.modenastay.com\/wp-content\/uploads\/2024\/06\/1a318978_original-1024x681.webp 1024w, https:\/\/www.modenastay.com\/wp-content\/uploads\/2024\/06\/1a318978_original-300x200.webp 300w, https:\/\/www.modenastay.com\/wp-content\/uploads\/2024\/06\/1a318978_original-768x511.webp 768w, https:\/\/www.modenastay.com\/wp-content\/uploads\/2024\/06\/1a318978_original.webp 1200w\" sizes=\"auto, (max-width: 1024px) 100vw, 1024px\" \/><\/figure>\n\n<p>Scopri il mix perfetto di comfort e convenienza nel nostro affascinante appartamento, situato in posizione ideale a pochi passi dalla stazione, nel cuore della vivace citt\u00e0. Offrendo l&#8217;ambiente ideale per soggiorni di breve durata o per affitti prolungati, il nostro appartamento \u00e8 stato progettato per soddisfare le esigenze sia dei viaggiatori di piacere che di quelli d&#8217;affari che cercano un&#8217;esperienza perfetta nella nostra vivace zona.<\/p>\n\n<p><strong>Panoramica dell&#8217;appartamento:<\/strong><\/p>\n\n<figure class=\"wp-block-image size-large\"><img loading=\"lazy\" decoding=\"async\" width=\"768\" height=\"1024\" src=\"https:\/\/www.modenastay.com\/wp-content\/uploads\/2024\/06\/d3217c5c-ac4d-4b53-b536-1303aded9f62-768x1024.webp\" alt=\"\" class=\"wp-image-23\" srcset=\"https:\/\/www.modenastay.com\/wp-content\/uploads\/2024\/06\/d3217c5c-ac4d-4b53-b536-1303aded9f62-768x1024.webp 768w, https:\/\/www.modenastay.com\/wp-content\/uploads\/2024\/06\/d3217c5c-ac4d-4b53-b536-1303aded9f62-225x300.webp 225w, https:\/\/www.modenastay.com\/wp-content\/uploads\/2024\/06\/d3217c5c-ac4d-4b53-b536-1303aded9f62-1152x1536.webp 1152w, https:\/\/www.modenastay.com\/wp-content\/uploads\/2024\/06\/d3217c5c-ac4d-4b53-b536-1303aded9f62.webp 1200w\" sizes=\"auto, (max-width: 768px) 100vw, 768px\" \/><\/figure>\n\n<p><br\/>Situato in una posizione privilegiata, questo appartamento offre una fuga in uno spazio tranquillo e ben organizzato che promette un soggiorno rilassante in mezzo al trambusto della citt\u00e0. Su una superficie generosa di 60 metri quadrati, lo spazio \u00e8 stato progettato per massimizzare il comfort e la funzionalit\u00e0. Dispone di due camere da letto splendidamente arredate, un bagno moderno e una cucina completamente attrezzata che si apre su un&#8217;ampia zona giorno. Gli interni vantano un design contemporaneo con linee pulite e arredamento minimalista, accentuato da esplosioni di colore per creare un&#8217;atmosfera calda e invitante.<\/p>\n\n<p><strong>Spazio abitativo:<\/strong><\/p>\n\n<figure class=\"wp-block-image size-large\"><img loading=\"lazy\" decoding=\"async\" width=\"768\" height=\"1024\" src=\"https:\/\/www.modenastay.com\/wp-content\/uploads\/2024\/06\/338b514a-b4b0-49fd-b88f-076c9221a7b0-768x1024.webp\" alt=\"\" class=\"wp-image-21\" srcset=\"https:\/\/www.modenastay.com\/wp-content\/uploads\/2024\/06\/338b514a-b4b0-49fd-b88f-076c9221a7b0-768x1024.webp 768w, https:\/\/www.modenastay.com\/wp-content\/uploads\/2024\/06\/338b514a-b4b0-49fd-b88f-076c9221a7b0-225x300.webp 225w, https:\/\/www.modenastay.com\/wp-content\/uploads\/2024\/06\/338b514a-b4b0-49fd-b88f-076c9221a7b0-1152x1536.webp 1152w, https:\/\/www.modenastay.com\/wp-content\/uploads\/2024\/06\/338b514a-b4b0-49fd-b88f-076c9221a7b0.webp 1200w\" sizes=\"auto, (max-width: 768px) 100vw, 768px\" \/><\/figure>\n\n<p><br\/>Il soggiorno, impreziosito da un divano e da arredi morbidi, offre un luogo accogliente per rilassarsi dopo una giornata di esplorazione o di lavoro. Una TV a schermo piatto offre intrattenimento a portata di mano, mentre le grandi finestre inondano lo spazio di luce naturale, offrendo una vista sulla vivace vita cittadina all&#8217;esterno.<\/p>\n\n<p><strong>Camere da letto:<\/strong><br\/>Il comfort \u00e8 fondamentale nel nostro appartamento: ogni camera da letto \u00e8 stata progettata con cura per garantire un sonno riposante. La camera da letto principale dispone di un lussuoso letto matrimoniale, mentre la seconda camera da letto \u00e8 dotata di un comodo letto singolo, il che la rende ideale per famiglie, coppie o viaggiatori solitari. La biancheria di alta qualit\u00e0 e l&#8217;ampio spazio per il guardaroba assicurano un soggiorno tanto confortevole quanto conveniente.<\/p>\n\n<p><strong>Cucina e zona pranzo:<\/strong><br\/>La cucina \u00e8 moderna ed elegante, dotata di tutti gli elettrodomestici necessari per cucinare un pasto delizioso. Include un fornello, un forno, un microonde e un frigorifero di grandi dimensioni, oltre a tutti gli utensili da cucina e le posate necessarie. Adiacente alla cucina, la zona pranzo \u00e8 uno spazio delizioso per gustare i tuoi pasti, sia che si tratti di una colazione veloce prima di una giornata impegnativa o di una cena piacevole.<\/p>\n\n<p><strong>Bagno:<\/strong><br\/>Il bagno \u00e8 moderno e funzionale e dispone di una cabina doccia, asciugamani puliti e articoli da toilette in omaggio per iniziare al meglio la giornata.<\/p>\n\n<p><strong>Posizione e accessibilit\u00e0:<\/strong><br\/>Situato a pochi passi dalla stazione ferroviaria principale, il nostro appartamento offre un accesso impareggiabile ai trasporti pubblici, rendendo semplicissimo esplorare la citt\u00e0 e non solo. La vicinanza alla stazione la rende inoltre incredibilmente comoda per gli ospiti che viaggiano da o verso altre citt\u00e0 o l&#8217;aeroporto.<\/p>\n\n<p><strong>Perfetto per soggiorni brevi:<\/strong><br\/>Che tu sia in citt\u00e0 per un viaggio d&#8217;affari, una fuga romantica o una piccola vacanza in famiglia, il nostro appartamento \u00e8 attrezzato per soddisfare tutte le tue esigenze. La sua posizione, i suoi servizi e l&#8217;ambiente accogliente la rendono una scelta ideale per chi cerca affitti a breve termine che offrano privacy e comfort come una casa.<\/p>\n\n<p><strong>Conclusione:<\/strong><br\/>Il nostro appartamento combina il comfort di una vita moderna con la comodit\u00e0 di una posizione centrale. \u00c8 pi\u00f9 di un semplice luogo di soggiorno: \u00e8 la tua casa lontano da casa, dove puoi vivere, lavorare e giocare in tutta comodit\u00e0 e stile. Prenota il tuo soggiorno con noi e sperimenta il perfetto mix di funzionalit\u00e0 e comfort, proprio nel cuore della citt\u00e0.<\/p>\n\n<blockquote class=\"wp-block-quote is-layout-flow wp-block-quote-is-layout-flow\">\n<figure class=\"wp-block-gallery has-nested-images columns-default is-cropped wp-block-gallery-1 is-layout-flex wp-block-gallery-is-layout-flex\">\n<figure class=\"wp-block-image size-large\"><img loading=\"lazy\" decoding=\"async\" width=\"1024\" height=\"681\" data-id=\"15\" src=\"https:\/\/www.modenastay.com\/wp-content\/uploads\/2024\/06\/1a318978_original-1024x681.webp\" alt=\"\" class=\"wp-image-15\" srcset=\"https:\/\/www.modenastay.com\/wp-content\/uploads\/2024\/06\/1a318978_original-1024x681.webp 1024w, https:\/\/www.modenastay.com\/wp-content\/uploads\/2024\/06\/1a318978_original-300x200.webp 300w, https:\/\/www.modenastay.com\/wp-content\/uploads\/2024\/06\/1a318978_original-768x511.webp 768w, https:\/\/www.modenastay.com\/wp-content\/uploads\/2024\/06\/1a318978_original.webp 1200w\" sizes=\"auto, (max-width: 1024px) 100vw, 1024px\" \/><\/figure>\n\n\n\n<figure class=\"wp-block-image size-large\"><img loading=\"lazy\" decoding=\"async\" width=\"768\" height=\"1024\" data-id=\"27\" src=\"https:\/\/www.modenastay.com\/wp-content\/uploads\/2024\/06\/1b1b7ed7-2875-4ea2-9601-5b6a9416bc82-768x1024.jpeg\" alt=\"\" class=\"wp-image-27\" srcset=\"https:\/\/www.modenastay.com\/wp-content\/uploads\/2024\/06\/1b1b7ed7-2875-4ea2-9601-5b6a9416bc82-768x1024.jpeg 768w, https:\/\/www.modenastay.com\/wp-content\/uploads\/2024\/06\/1b1b7ed7-2875-4ea2-9601-5b6a9416bc82-225x300.jpeg 225w, https:\/\/www.modenastay.com\/wp-content\/uploads\/2024\/06\/1b1b7ed7-2875-4ea2-9601-5b6a9416bc82-1152x1536.jpeg 1152w, https:\/\/www.modenastay.com\/wp-content\/uploads\/2024\/06\/1b1b7ed7-2875-4ea2-9601-5b6a9416bc82.jpeg 1200w\" sizes=\"auto, (max-width: 768px) 100vw, 768px\" \/><\/figure>\n\n\n\n<figure class=\"wp-block-image size-large\"><img loading=\"lazy\" decoding=\"async\" width=\"1024\" height=\"681\" data-id=\"26\" src=\"https:\/\/www.modenastay.com\/wp-content\/uploads\/2024\/06\/2a5eb7a3_original-1024x681.jpg\" alt=\"\" class=\"wp-image-26\" srcset=\"https:\/\/www.modenastay.com\/wp-content\/uploads\/2024\/06\/2a5eb7a3_original-1024x681.jpg 1024w, https:\/\/www.modenastay.com\/wp-content\/uploads\/2024\/06\/2a5eb7a3_original-300x200.jpg 300w, https:\/\/www.modenastay.com\/wp-content\/uploads\/2024\/06\/2a5eb7a3_original-768x511.jpg 768w, https:\/\/www.modenastay.com\/wp-content\/uploads\/2024\/06\/2a5eb7a3_original.jpg 1200w\" sizes=\"auto, (max-width: 1024px) 100vw, 1024px\" \/><\/figure>\n\n\n\n<figure class=\"wp-block-image size-large\"><img loading=\"lazy\" decoding=\"async\" width=\"768\" height=\"1024\" data-id=\"19\" src=\"https:\/\/www.modenastay.com\/wp-content\/uploads\/2024\/06\/6f460778-c07d-4570-be58-84a54e420b72-768x1024.webp\" alt=\"\" class=\"wp-image-19\" srcset=\"https:\/\/www.modenastay.com\/wp-content\/uploads\/2024\/06\/6f460778-c07d-4570-be58-84a54e420b72-768x1024.webp 768w, https:\/\/www.modenastay.com\/wp-content\/uploads\/2024\/06\/6f460778-c07d-4570-be58-84a54e420b72-225x300.webp 225w, https:\/\/www.modenastay.com\/wp-content\/uploads\/2024\/06\/6f460778-c07d-4570-be58-84a54e420b72-1152x1536.webp 1152w, https:\/\/www.modenastay.com\/wp-content\/uploads\/2024\/06\/6f460778-c07d-4570-be58-84a54e420b72.webp 1200w\" sizes=\"auto, (max-width: 768px) 100vw, 768px\" \/><\/figure>\n\n\n\n<figure class=\"wp-block-image size-large\"><img loading=\"lazy\" decoding=\"async\" width=\"768\" height=\"1024\" data-id=\"18\" src=\"https:\/\/www.modenastay.com\/wp-content\/uploads\/2024\/06\/7da34fd9-3191-48ba-be51-36977c34c6ff-768x1024.webp\" alt=\"\" class=\"wp-image-18\" srcset=\"https:\/\/www.modenastay.com\/wp-content\/uploads\/2024\/06\/7da34fd9-3191-48ba-be51-36977c34c6ff-768x1024.webp 768w, https:\/\/www.modenastay.com\/wp-content\/uploads\/2024\/06\/7da34fd9-3191-48ba-be51-36977c34c6ff-225x300.webp 225w, https:\/\/www.modenastay.com\/wp-content\/uploads\/2024\/06\/7da34fd9-3191-48ba-be51-36977c34c6ff-1152x1536.webp 1152w, https:\/\/www.modenastay.com\/wp-content\/uploads\/2024\/06\/7da34fd9-3191-48ba-be51-36977c34c6ff.webp 1200w\" sizes=\"auto, (max-width: 768px) 100vw, 768px\" \/><\/figure>\n\n\n\n<figure class=\"wp-block-image size-large\"><img loading=\"lazy\" decoding=\"async\" width=\"1024\" height=\"681\" data-id=\"29\" src=\"https:\/\/www.modenastay.com\/wp-content\/uploads\/2024\/06\/7de870c7_original-1024x681.webp\" alt=\"\" class=\"wp-image-29\" srcset=\"https:\/\/www.modenastay.com\/wp-content\/uploads\/2024\/06\/7de870c7_original-1024x681.webp 1024w, https:\/\/www.modenastay.com\/wp-content\/uploads\/2024\/06\/7de870c7_original-300x200.webp 300w, https:\/\/www.modenastay.com\/wp-content\/uploads\/2024\/06\/7de870c7_original-768x511.webp 768w, https:\/\/www.modenastay.com\/wp-content\/uploads\/2024\/06\/7de870c7_original.webp 1200w\" sizes=\"auto, (max-width: 1024px) 100vw, 1024px\" \/><\/figure>\n\n\n\n<figure class=\"wp-block-image size-large\"><img loading=\"lazy\" decoding=\"async\" width=\"1024\" height=\"681\" data-id=\"30\" src=\"https:\/\/www.modenastay.com\/wp-content\/uploads\/2024\/06\/16ed3c88_original-1024x681.webp\" alt=\"\" class=\"wp-image-30\" srcset=\"https:\/\/www.modenastay.com\/wp-content\/uploads\/2024\/06\/16ed3c88_original-1024x681.webp 1024w, https:\/\/www.modenastay.com\/wp-content\/uploads\/2024\/06\/16ed3c88_original-300x200.webp 300w, https:\/\/www.modenastay.com\/wp-content\/uploads\/2024\/06\/16ed3c88_original-768x511.webp 768w, https:\/\/www.modenastay.com\/wp-content\/uploads\/2024\/06\/16ed3c88_original.webp 1200w\" sizes=\"auto, (max-width: 1024px) 100vw, 1024px\" \/><\/figure>\n\n\n\n<figure class=\"wp-block-image size-large\"><img loading=\"lazy\" decoding=\"async\" width=\"681\" height=\"1024\" data-id=\"31\" src=\"https:\/\/www.modenastay.com\/wp-content\/uploads\/2024\/06\/27bb95ca_original-681x1024.webp\" alt=\"\" class=\"wp-image-31\" srcset=\"https:\/\/www.modenastay.com\/wp-content\/uploads\/2024\/06\/27bb95ca_original-681x1024.webp 681w, https:\/\/www.modenastay.com\/wp-content\/uploads\/2024\/06\/27bb95ca_original-200x300.webp 200w, https:\/\/www.modenastay.com\/wp-content\/uploads\/2024\/06\/27bb95ca_original-768x1155.webp 768w, https:\/\/www.modenastay.com\/wp-content\/uploads\/2024\/06\/27bb95ca_original-1022x1536.webp 1022w, https:\/\/www.modenastay.com\/wp-content\/uploads\/2024\/06\/27bb95ca_original.webp 1200w\" sizes=\"auto, (max-width: 681px) 100vw, 681px\" \/><\/figure>\n\n\n\n<figure class=\"wp-block-image size-large\"><img loading=\"lazy\" decoding=\"async\" width=\"768\" height=\"1024\" data-id=\"22\" src=\"https:\/\/www.modenastay.com\/wp-content\/uploads\/2024\/06\/70edb7dc-bb54-4aae-9cf5-31a4b6cd5d65-768x1024.webp\" alt=\"\" class=\"wp-image-22\" srcset=\"https:\/\/www.modenastay.com\/wp-content\/uploads\/2024\/06\/70edb7dc-bb54-4aae-9cf5-31a4b6cd5d65-768x1024.webp 768w, https:\/\/www.modenastay.com\/wp-content\/uploads\/2024\/06\/70edb7dc-bb54-4aae-9cf5-31a4b6cd5d65-225x300.webp 225w, https:\/\/www.modenastay.com\/wp-content\/uploads\/2024\/06\/70edb7dc-bb54-4aae-9cf5-31a4b6cd5d65-1152x1536.webp 1152w, https:\/\/www.modenastay.com\/wp-content\/uploads\/2024\/06\/70edb7dc-bb54-4aae-9cf5-31a4b6cd5d65.webp 1200w\" sizes=\"auto, (max-width: 768px) 100vw, 768px\" \/><\/figure>\n\n\n\n<figure class=\"wp-block-image size-large\"><img loading=\"lazy\" decoding=\"async\" width=\"768\" height=\"1024\" data-id=\"21\" src=\"https:\/\/www.modenastay.com\/wp-content\/uploads\/2024\/06\/338b514a-b4b0-49fd-b88f-076c9221a7b0-768x1024.webp\" alt=\"\" class=\"wp-image-21\" srcset=\"https:\/\/www.modenastay.com\/wp-content\/uploads\/2024\/06\/338b514a-b4b0-49fd-b88f-076c9221a7b0-768x1024.webp 768w, https:\/\/www.modenastay.com\/wp-content\/uploads\/2024\/06\/338b514a-b4b0-49fd-b88f-076c9221a7b0-225x300.webp 225w, https:\/\/www.modenastay.com\/wp-content\/uploads\/2024\/06\/338b514a-b4b0-49fd-b88f-076c9221a7b0-1152x1536.webp 1152w, https:\/\/www.modenastay.com\/wp-content\/uploads\/2024\/06\/338b514a-b4b0-49fd-b88f-076c9221a7b0.webp 1200w\" sizes=\"auto, (max-width: 768px) 100vw, 768px\" \/><\/figure>\n\n\n\n<figure class=\"wp-block-image size-large\"><img loading=\"lazy\" decoding=\"async\" width=\"768\" height=\"1024\" data-id=\"24\" src=\"https:\/\/www.modenastay.com\/wp-content\/uploads\/2024\/06\/91155c28-a842-41b3-9f19-fece68c57a3f-768x1024.webp\" alt=\"\" class=\"wp-image-24\" srcset=\"https:\/\/www.modenastay.com\/wp-content\/uploads\/2024\/06\/91155c28-a842-41b3-9f19-fece68c57a3f-768x1024.webp 768w, https:\/\/www.modenastay.com\/wp-content\/uploads\/2024\/06\/91155c28-a842-41b3-9f19-fece68c57a3f-225x300.webp 225w, https:\/\/www.modenastay.com\/wp-content\/uploads\/2024\/06\/91155c28-a842-41b3-9f19-fece68c57a3f-1152x1536.webp 1152w, https:\/\/www.modenastay.com\/wp-content\/uploads\/2024\/06\/91155c28-a842-41b3-9f19-fece68c57a3f.webp 1200w\" sizes=\"auto, (max-width: 768px) 100vw, 768px\" \/><\/figure>\n\n\n\n<figure class=\"wp-block-image size-large\"><img loading=\"lazy\" decoding=\"async\" width=\"1024\" height=\"681\" data-id=\"16\" src=\"https:\/\/www.modenastay.com\/wp-content\/uploads\/2024\/06\/b40b9e37_original-1024x681.webp\" alt=\"\" class=\"wp-image-16\" srcset=\"https:\/\/www.modenastay.com\/wp-content\/uploads\/2024\/06\/b40b9e37_original-1024x681.webp 1024w, https:\/\/www.modenastay.com\/wp-content\/uploads\/2024\/06\/b40b9e37_original-300x200.webp 300w, https:\/\/www.modenastay.com\/wp-content\/uploads\/2024\/06\/b40b9e37_original-768x511.webp 768w, https:\/\/www.modenastay.com\/wp-content\/uploads\/2024\/06\/b40b9e37_original.webp 1200w\" sizes=\"auto, (max-width: 1024px) 100vw, 1024px\" \/><\/figure>\n\n\n\n<figure class=\"wp-block-image size-large\"><img loading=\"lazy\" decoding=\"async\" width=\"768\" height=\"1024\" data-id=\"20\" src=\"https:\/\/www.modenastay.com\/wp-content\/uploads\/2024\/06\/d0678cf6-7245-47ba-9d61-716fb53b0d05-768x1024.webp\" alt=\"\" class=\"wp-image-20\" srcset=\"https:\/\/www.modenastay.com\/wp-content\/uploads\/2024\/06\/d0678cf6-7245-47ba-9d61-716fb53b0d05-768x1023.webp 768w, https:\/\/www.modenastay.com\/wp-content\/uploads\/2024\/06\/d0678cf6-7245-47ba-9d61-716fb53b0d05-225x300.webp 225w, https:\/\/www.modenastay.com\/wp-content\/uploads\/2024\/06\/d0678cf6-7245-47ba-9d61-716fb53b0d05-1153x1536.webp 1153w, https:\/\/www.modenastay.com\/wp-content\/uploads\/2024\/06\/d0678cf6-7245-47ba-9d61-716fb53b0d05.webp 1200w\" sizes=\"auto, (max-width: 768px) 100vw, 768px\" \/><\/figure>\n\n\n\n<figure class=\"wp-block-image size-large\"><img loading=\"lazy\" decoding=\"async\" width=\"768\" height=\"1024\" data-id=\"23\" src=\"https:\/\/www.modenastay.com\/wp-content\/uploads\/2024\/06\/d3217c5c-ac4d-4b53-b536-1303aded9f62-768x1024.webp\" alt=\"\" class=\"wp-image-23\" srcset=\"https:\/\/www.modenastay.com\/wp-content\/uploads\/2024\/06\/d3217c5c-ac4d-4b53-b536-1303aded9f62-768x1024.webp 768w, https:\/\/www.modenastay.com\/wp-content\/uploads\/2024\/06\/d3217c5c-ac4d-4b53-b536-1303aded9f62-225x300.webp 225w, https:\/\/www.modenastay.com\/wp-content\/uploads\/2024\/06\/d3217c5c-ac4d-4b53-b536-1303aded9f62-1152x1536.webp 1152w, https:\/\/www.modenastay.com\/wp-content\/uploads\/2024\/06\/d3217c5c-ac4d-4b53-b536-1303aded9f62.webp 1200w\" sizes=\"auto, (max-width: 768px) 100vw, 768px\" \/><\/figure>\n\n\n\n<figure class=\"wp-block-image size-large\"><img loading=\"lazy\" decoding=\"async\" width=\"768\" height=\"1024\" data-id=\"17\" src=\"https:\/\/www.modenastay.com\/wp-content\/uploads\/2024\/06\/e3a71197-51be-465f-b291-5d0f33330527-768x1024.webp\" alt=\"\" class=\"wp-image-17\" srcset=\"https:\/\/www.modenastay.com\/wp-content\/uploads\/2024\/06\/e3a71197-51be-465f-b291-5d0f33330527-768x1024.webp 768w, https:\/\/www.modenastay.com\/wp-content\/uploads\/2024\/06\/e3a71197-51be-465f-b291-5d0f33330527-225x300.webp 225w, https:\/\/www.modenastay.com\/wp-content\/uploads\/2024\/06\/e3a71197-51be-465f-b291-5d0f33330527-1152x1536.webp 1152w, https:\/\/www.modenastay.com\/wp-content\/uploads\/2024\/06\/e3a71197-51be-465f-b291-5d0f33330527.webp 1200w\" sizes=\"auto, (max-width: 768px) 100vw, 768px\" \/><\/figure>\n\n\n\n<figure class=\"wp-block-image size-large\"><img loading=\"lazy\" decoding=\"async\" width=\"768\" height=\"1024\" data-id=\"25\" src=\"https:\/\/www.modenastay.com\/wp-content\/uploads\/2024\/06\/e5ed20f9-f038-4108-9975-dcf341e272dd-1-768x1024.webp\" alt=\"\" class=\"wp-image-25\" srcset=\"https:\/\/www.modenastay.com\/wp-content\/uploads\/2024\/06\/e5ed20f9-f038-4108-9975-dcf341e272dd-1-768x1023.webp 768w, https:\/\/www.modenastay.com\/wp-content\/uploads\/2024\/06\/e5ed20f9-f038-4108-9975-dcf341e272dd-1-225x300.webp 225w, https:\/\/www.modenastay.com\/wp-content\/uploads\/2024\/06\/e5ed20f9-f038-4108-9975-dcf341e272dd-1-1153x1536.webp 1153w, https:\/\/www.modenastay.com\/wp-content\/uploads\/2024\/06\/e5ed20f9-f038-4108-9975-dcf341e272dd-1.webp 1200w\" sizes=\"auto, (max-width: 768px) 100vw, 768px\" \/><\/figure>\n<\/figure>\n<\/blockquote>\n\n<p>&#8230;o qualcosa del genere:<\/p>\n\n<blockquote class=\"wp-block-quote is-layout-flow wp-block-quote-is-layout-flow\">\n<p><\/p>\n<\/blockquote>\n\n<p><\/p>\n","protected":false},"excerpt":{"rendered":"<p>Scopri il mix perfetto di comfort e convenienza nel nostro affascinante appartamento, situato in posizione ideale a pochi passi dalla stazione, nel cuore della vivace citt\u00e0. Offrendo l&#8217;ambiente ideale per soggiorni di breve durata o per affitti prolungati, il nostro appartamento \u00e8 stato progettato per soddisfare le esigenze sia dei viaggiatori di piacere che di [&hellip;]<\/p>\n","protected":false},"author":1,"featured_media":0,"parent":0,"menu_order":0,"comment_status":"closed","ping_status":"open","template":"","meta":{"footnotes":""},"class_list":["post-238","page","type-page","status-publish","hentry"],"aioseo_notices":[],"jetpack_sharing_enabled":true,"_links":{"self":[{"href":"https:\/\/www.modenastay.com\/it\/wp-json\/wp\/v2\/pages\/238","targetHints":{"allow":["GET"]}}],"collection":[{"href":"https:\/\/www.modenastay.com\/it\/wp-json\/wp\/v2\/pages"}],"about":[{"href":"https:\/\/www.modenastay.com\/it\/wp-json\/wp\/v2\/types\/page"}],"author":[{"embeddable":true,"href":"https:\/\/www.modenastay.com\/it\/wp-json\/wp\/v2\/users\/1"}],"replies":[{"embeddable":true,"href":"https:\/\/www.modenastay.com\/it\/wp-json\/wp\/v2\/comments?post=238"}],"version-history":[{"count":1,"href":"https:\/\/www.modenastay.com\/it\/wp-json\/wp\/v2\/pages\/238\/revisions"}],"predecessor-version":[{"id":239,"href":"https:\/\/www.modenastay.com\/it\/wp-json\/wp\/v2\/pages\/238\/revisions\/239"}],"wp:attachment":[{"href":"https:\/\/www.modenastay.com\/it\/wp-json\/wp\/v2\/media?parent=238"}],"curies":[{"name":"wp","href":"https:\/\/api.w.org\/{rel}","templated":true}]}}